{"id":10761,"date":"2023-02-10T13:50:56","date_gmt":"2023-02-10T12:50:56","guid":{"rendered":"https:\/\/www.kayrros.com\/?page_id=10761"},"modified":"2026-02-03T15:40:06","modified_gmt":"2026-02-03T14:40:06","slug":"legal-information","status":"publish","type":"page","link":"https:\/\/www.kayrros.com\/fr\/legal-information\/","title":{"rendered":"Informations juridiques"},"content":{"rendered":"<div data-elementor-type=\"wp-page\" data-elementor-id=\"10761\" class=\"elementor elementor-10761\" data-elementor-post-type=\"page\">\n\t\t\t\t<div class=\"elementor-element elementor-element-e5f44d e-con-full e-flex e-con e-parent\" data-id=\"e5f44d\" data-element_type=\"container\" data-e-type=\"container\" data-settings=\"{&quot;background_background&quot;:&quot;classic&quot;}\">\n\t\t\t\t<div class=\"elementor-element elementor-element-392f779b elementor-widget__width-inherit elementor-widget elementor-widget-template\" data-id=\"392f779b\" data-element_type=\"widget\" data-e-type=\"widget\" data-widget_type=\"template.default\">\n\t\t\t\t<div class=\"elementor-widget-container\">\n\t\t\t\t\t\t\t<div class=\"elementor-template\">\n\t\t\t\t\t<\/div>\n\t\t\t\t\t\t<\/div>\n\t\t\t\t<\/div>\n\t\t\t\t<\/div>\n\t\t<div class=\"elementor-element elementor-element-d0fafa4 e-flex e-con-boxed e-con e-parent\" data-id=\"d0fafa4\" data-element_type=\"container\" data-e-type=\"container\">\n\t\t\t\t\t<div class=\"e-con-inner\">\n\t\t\t\t<div class=\"elementor-element elementor-element-1e7541f elementor-widget elementor-widget-heading\" data-id=\"1e7541f\" data-element_type=\"widget\" data-e-type=\"widget\" data-widget_type=\"heading.default\">\n\t\t\t\t<div class=\"elementor-widget-container\">\n\t\t\t\t\t<h2 class=\"elementor-heading-title elementor-size-default\">Informations l\u00e9gales<\/h2>\t\t\t\t<\/div>\n\t\t\t\t<\/div>\n\t\t\t\t<div class=\"elementor-element elementor-element-461b401 elementor-widget-divider--view-line elementor-widget elementor-widget-divider\" data-id=\"461b401\" data-element_type=\"widget\" data-e-type=\"widget\" data-widget_type=\"divider.default\">\n\t\t\t\t<div class=\"elementor-widget-container\">\n\t\t\t\t\t\t\t<div class=\"elementor-divider\">\n\t\t\t<span class=\"elementor-divider-separator\">\n\t\t\t\t\t\t<\/span>\n\t\t<\/div>\n\t\t\t\t\t\t<\/div>\n\t\t\t\t<\/div>\n\t\t\t\t<div class=\"elementor-element elementor-element-8ea427d elementor-widget elementor-widget-text-editor\" data-id=\"8ea427d\" data-element_type=\"widget\" data-e-type=\"widget\" data-widget_type=\"text-editor.default\">\n\t\t\t\t<div class=\"elementor-widget-container\">\n\t\t\t\t\t\t\t\t\t<p><i><span style=\"font-weight: 400;\">Ce site internet est \u00e9dit\u00e9 par KAYRROS SAS, soci\u00e9t\u00e9 par actions simplifi\u00e9e de droit fran\u00e7ais, dont le si\u00e8ge social est situ\u00e9 au 37 avenue Trudaine, 75009 Paris, France, num\u00e9ro de t\u00e9l\u00e9phone +33 1 40 55 07 42, au capital social de 322 935,00 \u20ac, immatricul\u00e9e sous le num\u00e9ro 818 399 651 au Registre du Commerce et des Soci\u00e9t\u00e9s de Paris (num\u00e9ro de TVA intracommunautaire : FR52818399651).<\/span><\/i><\/p><p><i><span style=\"font-weight: 400;\">Antoine Rostand est le Pr\u00e9sident de KAYRROS SAS ainsi que le Directeur de la publication du site internet de Kayrros.<\/span><\/i><\/p><p><i><span style=\"font-weight: 400;\">Ce site internet est h\u00e9berg\u00e9 par Kinsta, dont le si\u00e8ge social est situ\u00e9 au 8605 Santa Monica Blvd #92581, West Hollywood, CA 90069, <\/span><\/i><i><span style=\"font-weight: 400;\">\u00c9tats-Unis d\u2019Am\u00e9rique, t\u00e9l\u00e9phone : +1 (888) 610-2915. <\/span><\/i><\/p>\t\t\t\t\t\t\t\t<\/div>\n\t\t\t\t<\/div>\n\t\t\t\t<div class=\"elementor-element elementor-element-ae3aa0f elementor-widget elementor-widget-button\" data-id=\"ae3aa0f\" data-element_type=\"widget\" data-e-type=\"widget\" data-widget_type=\"button.default\">\n\t\t\t\t<div class=\"elementor-widget-container\">\n\t\t\t\t\t\t\t\t\t<div class=\"elementor-button-wrapper\">\n\t\t\t\t\t<a class=\"elementor-button elementor-button-link elementor-size-xs\" href=\"https:\/\/www.kayrros.com\/wp-content\/uploads\/2023\/02\/Kayrros_INDEX-EGALITE_2019.pdf\" target=\"_blank\" rel=\"nofollow\">\n\t\t\t\t\t\t<span class=\"elementor-button-content-wrapper\">\n\t\t\t\t\t\t<span class=\"elementor-button-icon\">\n\t\t\t\t<svg aria-hidden=\"true\" class=\"e-font-icon-svg e-far-file-alt\" viewbox=\"0 0 384 512\" xmlns=\"http:\/\/www.w3.org\/2000\/svg\"><path d=\"M288 248v28c0 6.6-5.4 12-12 12H108c-6.6 0-12-5.4-12-12v-28c0-6.6 5.4-12 12-12h168c6.6 0 12 5.4 12 12zm-12 72H108c-6.6 0-12 5.4-12 12v28c0 6.6 5.4 12 12 12h168c6.6 0 12-5.4 12-12v-28c0-6.6-5.4-12-12-12zm108-188.1V464c0 26.5-21.5 48-48 48H48c-26.5 0-48-21.5-48-48V48C0 21.5 21.5 0 48 0h204.1C264.8 0 277 5.1 286 14.1L369.9 98c9 8.9 14.1 21.2 14.1 33.9zm-128-80V128h76.1L256 51.9zM336 464V176H232c-13.3 0-24-10.7-24-24V48H48v416h288z\"><\/path><\/svg>\t\t\t<\/span>\n\t\t\t\t\t\t\t\t\t<span class=\"elementor-button-text\">Kayrros 2019 Equality index<\/span>\n\t\t\t\t\t<\/span>\n\t\t\t\t\t<\/a>\n\t\t\t\t<\/div>\n\t\t\t\t\t\t\t\t<\/div>\n\t\t\t\t<\/div>\n\t\t\t\t<div class=\"elementor-element elementor-element-cceda05 elementor-widget elementor-widget-button\" data-id=\"cceda05\" data-element_type=\"widget\" data-e-type=\"widget\" data-widget_type=\"button.default\">\n\t\t\t\t<div class=\"elementor-widget-container\">\n\t\t\t\t\t\t\t\t\t<div class=\"elementor-button-wrapper\">\n\t\t\t\t\t<a class=\"elementor-button elementor-button-link elementor-size-xs\" href=\"https:\/\/www.kayrros.com\/wp-content\/uploads\/2023\/02\/Kayrros_INDEX-EGALITE_2020.pdf\" target=\"_blank\" rel=\"nofollow\">\n\t\t\t\t\t\t<span class=\"elementor-button-content-wrapper\">\n\t\t\t\t\t\t<span class=\"elementor-button-icon\">\n\t\t\t\t<svg aria-hidden=\"true\" class=\"e-font-icon-svg e-far-file-alt\" viewbox=\"0 0 384 512\" xmlns=\"http:\/\/www.w3.org\/2000\/svg\"><path d=\"M288 248v28c0 6.6-5.4 12-12 12H108c-6.6 0-12-5.4-12-12v-28c0-6.6 5.4-12 12-12h168c6.6 0 12 5.4 12 12zm-12 72H108c-6.6 0-12 5.4-12 12v28c0 6.6 5.4 12 12 12h168c6.6 0 12-5.4 12-12v-28c0-6.6-5.4-12-12-12zm108-188.1V464c0 26.5-21.5 48-48 48H48c-26.5 0-48-21.5-48-48V48C0 21.5 21.5 0 48 0h204.1C264.8 0 277 5.1 286 14.1L369.9 98c9 8.9 14.1 21.2 14.1 33.9zm-128-80V128h76.1L256 51.9zM336 464V176H232c-13.3 0-24-10.7-24-24V48H48v416h288z\"><\/path><\/svg>\t\t\t<\/span>\n\t\t\t\t\t\t\t\t\t<span class=\"elementor-button-text\">Kayrros 2020 Equality index<\/span>\n\t\t\t\t\t<\/span>\n\t\t\t\t\t<\/a>\n\t\t\t\t<\/div>\n\t\t\t\t\t\t\t\t<\/div>\n\t\t\t\t<\/div>\n\t\t\t\t<div class=\"elementor-element elementor-element-c7d8fca elementor-widget elementor-widget-button\" data-id=\"c7d8fca\" data-element_type=\"widget\" data-e-type=\"widget\" data-widget_type=\"button.default\">\n\t\t\t\t<div class=\"elementor-widget-container\">\n\t\t\t\t\t\t\t\t\t<div class=\"elementor-button-wrapper\">\n\t\t\t\t\t<a class=\"elementor-button elementor-button-link elementor-size-xs\" href=\"https:\/\/www.kayrros.com\/wp-content\/uploads\/2023\/02\/Kayrros_INDEX-EGALITE_2021.pdf\" target=\"_blank\" rel=\"nofollow\">\n\t\t\t\t\t\t<span class=\"elementor-button-content-wrapper\">\n\t\t\t\t\t\t<span class=\"elementor-button-icon\">\n\t\t\t\t<svg aria-hidden=\"true\" class=\"e-font-icon-svg e-far-file-alt\" viewbox=\"0 0 384 512\" xmlns=\"http:\/\/www.w3.org\/2000\/svg\"><path d=\"M288 248v28c0 6.6-5.4 12-12 12H108c-6.6 0-12-5.4-12-12v-28c0-6.6 5.4-12 12-12h168c6.6 0 12 5.4 12 12zm-12 72H108c-6.6 0-12 5.4-12 12v28c0 6.6 5.4 12 12 12h168c6.6 0 12-5.4 12-12v-28c0-6.6-5.4-12-12-12zm108-188.1V464c0 26.5-21.5 48-48 48H48c-26.5 0-48-21.5-48-48V48C0 21.5 21.5 0 48 0h204.1C264.8 0 277 5.1 286 14.1L369.9 98c9 8.9 14.1 21.2 14.1 33.9zm-128-80V128h76.1L256 51.9zM336 464V176H232c-13.3 0-24-10.7-24-24V48H48v416h288z\"><\/path><\/svg>\t\t\t<\/span>\n\t\t\t\t\t\t\t\t\t<span class=\"elementor-button-text\">Kayrros 2021 Equality index<\/span>\n\t\t\t\t\t<\/span>\n\t\t\t\t\t<\/a>\n\t\t\t\t<\/div>\n\t\t\t\t\t\t\t\t<\/div>\n\t\t\t\t<\/div>\n\t\t\t\t\t<\/div>\n\t\t\t\t<\/div>\n\t\t\t\t<\/div>","protected":false},"excerpt":{"rendered":"<p>Legal Information This website is published by KAYRROS SAS, a French simplified share company (Soci\u00e9t\u00e9 par Actions Simplifi\u00e9e), having its registered office at 37 Avenue Trudaine, 75009 Paris, France, telephone number +33 1 40 55 07 42 , with a share capital of \u20ac 322 935.00, registered under number 818 399 651 with the Paris &#8230; <a title=\"Informations juridiques\" class=\"read-more\" href=\"https:\/\/www.kayrros.com\/fr\/legal-information\/\" aria-label=\"En savoir plus sur Legal information\">Lire la suite<\/a><\/p>","protected":false},"author":24,"featured_media":0,"parent":0,"menu_order":0,"comment_status":"closed","ping_status":"closed","template":"elementor_header_footer","meta":{"_acf_changed":false,"content-type":"","footnotes":""},"class_list":["post-10761","page","type-page","status-publish"],"acf":[],"yoast_head":"<!-- This site is optimized with the Yoast SEO plugin v27.2 - https:\/\/yoast.com\/product\/yoast-seo-wordpress\/ -->\n<title>Legal information - Kayrros<\/title>\n<meta name=\"description\" content=\"Kayrros satellite-based technology independently measures the footprint of human activity on the environment at a global level\" \/>\n<meta name=\"robots\" content=\"index, follow, max-snippet:-1, max-image-preview:large, max-video-preview:-1\" \/>\n<link rel=\"canonical\" href=\"https:\/\/www.kayrros.com\/fr\/legal-information\/\" \/>\n<meta property=\"og:locale\" content=\"fr_FR\" \/>\n<meta property=\"og:type\" content=\"article\" \/>\n<meta property=\"og:title\" content=\"Legal information - Kayrros\" \/>\n<meta property=\"og:description\" content=\"Kayrros satellite-based technology independently measures the footprint of human activity on the environment at a global level\" \/>\n<meta property=\"og:url\" content=\"https:\/\/www.kayrros.com\/fr\/legal-information\/\" \/>\n<meta property=\"og:site_name\" content=\"Kayrros\" \/>\n<meta property=\"article:modified_time\" content=\"2026-02-03T14:40:06+00:00\" \/>\n<meta property=\"og:image\" content=\"https:\/\/www.kayrros.com\/wp-content\/uploads\/2026\/01\/kayrros_logo_2025.jpeg\" \/>\n\t<meta property=\"og:image:width\" content=\"1250\" \/>\n\t<meta property=\"og:image:height\" content=\"703\" \/>\n\t<meta property=\"og:image:type\" content=\"image\/jpeg\" \/>\n<meta name=\"twitter:card\" content=\"summary_large_image\" \/>\n<meta name=\"twitter:site\" content=\"@Kayrros\" \/>\n<meta name=\"twitter:label1\" content=\"Dur\u00e9e de lecture estim\u00e9e\" \/>\n\t<meta name=\"twitter:data1\" content=\"1 minute\" \/>\n<script type=\"application\/ld+json\" class=\"yoast-schema-graph\">{\"@context\":\"https:\/\/schema.org\",\"@graph\":[{\"@type\":\"WebPage\",\"@id\":\"https:\/\/www.kayrros.com\/legal-information\/\",\"url\":\"https:\/\/www.kayrros.com\/legal-information\/\",\"name\":\"Legal information - Kayrros\",\"isPartOf\":{\"@id\":\"https:\/\/www.kayrros.com\/#website\"},\"datePublished\":\"2023-02-10T12:50:56+00:00\",\"dateModified\":\"2026-02-03T14:40:06+00:00\",\"description\":\"Kayrros satellite-based technology independently measures the footprint of human activity on the environment at a global level\",\"breadcrumb\":{\"@id\":\"https:\/\/www.kayrros.com\/legal-information\/#breadcrumb\"},\"inLanguage\":\"fr-FR\",\"potentialAction\":[{\"@type\":\"ReadAction\",\"target\":[\"https:\/\/www.kayrros.com\/legal-information\/\"]}]},{\"@type\":\"BreadcrumbList\",\"@id\":\"https:\/\/www.kayrros.com\/legal-information\/#breadcrumb\",\"itemListElement\":[{\"@type\":\"ListItem\",\"position\":1,\"name\":\"Home\",\"item\":\"https:\/\/www.kayrros.com\/\"},{\"@type\":\"ListItem\",\"position\":2,\"name\":\"Legal information\"}]},{\"@type\":\"WebSite\",\"@id\":\"https:\/\/www.kayrros.com\/#website\",\"url\":\"https:\/\/www.kayrros.com\/\",\"name\":\"Kayrros\",\"description\":\"Disruptive Analytics for Energy Markets\",\"publisher\":{\"@id\":\"https:\/\/www.kayrros.com\/#organization\"},\"potentialAction\":[{\"@type\":\"SearchAction\",\"target\":{\"@type\":\"EntryPoint\",\"urlTemplate\":\"https:\/\/www.kayrros.com\/?s={search_term_string}\"},\"query-input\":{\"@type\":\"PropertyValueSpecification\",\"valueRequired\":true,\"valueName\":\"search_term_string\"}}],\"inLanguage\":\"fr-FR\"},{\"@type\":\"Organization\",\"@id\":\"https:\/\/www.kayrros.com\/#organization\",\"name\":\"Kayrros\",\"url\":\"https:\/\/www.kayrros.com\/\",\"logo\":{\"@type\":\"ImageObject\",\"inLanguage\":\"fr-FR\",\"@id\":\"https:\/\/www.kayrros.com\/#\/schema\/logo\/image\/\",\"url\":\"https:\/\/www.kayrros.com\/wp-content\/uploads\/2026\/03\/kayrros_logo_2025_square.jpg\",\"contentUrl\":\"https:\/\/www.kayrros.com\/wp-content\/uploads\/2026\/03\/kayrros_logo_2025_square.jpg\",\"width\":512,\"height\":512,\"caption\":\"Kayrros\"},\"image\":{\"@id\":\"https:\/\/www.kayrros.com\/#\/schema\/logo\/image\/\"},\"sameAs\":[\"https:\/\/x.com\/Kayrros\",\"https:\/\/www.linkedin.com\/company\/kayrros\/\",\"https:\/\/www.youtube.com\/channel\/UCXpOqt_3G3Nk-Oekqqw4J7Q\"]}]}<\/script>\n<!-- \/ Yoast SEO plugin. -->","yoast_head_json":{"title":"Informations l\u00e9gales - Kayrros","description":"Prenez de meilleures d\u00e9cisions en mati\u00e8re d'\u00e9nergie et d'environnement. La technologie satellitaire de Kayrros mesure de mani\u00e8re ind\u00e9pendante l'empreinte de l'activit\u00e9 humaine dans le monde entier.","robots":{"index":"index","follow":"follow","max-snippet":"max-snippet:-1","max-image-preview":"max-image-preview:large","max-video-preview":"max-video-preview:-1"},"canonical":"https:\/\/www.kayrros.com\/fr\/legal-information\/","og_locale":"fr_FR","og_type":"article","og_title":"Legal information - Kayrros","og_description":"Kayrros satellite-based technology independently measures the footprint of human activity on the environment at a global level","og_url":"https:\/\/www.kayrros.com\/fr\/legal-information\/","og_site_name":"Kayrros","article_modified_time":"2026-02-03T14:40:06+00:00","og_image":[{"width":1250,"height":703,"url":"https:\/\/www.kayrros.com\/wp-content\/uploads\/2026\/01\/kayrros_logo_2025.jpeg","type":"image\/jpeg"}],"twitter_card":"summary_large_image","twitter_site":"@Kayrros","twitter_misc":{"Dur\u00e9e de lecture estim\u00e9e":"1 minute"},"schema":{"@context":"https:\/\/schema.org","@graph":[{"@type":"WebPage","@id":"https:\/\/www.kayrros.com\/legal-information\/","url":"https:\/\/www.kayrros.com\/legal-information\/","name":"Informations l\u00e9gales - Kayrros","isPartOf":{"@id":"https:\/\/www.kayrros.com\/#website"},"datePublished":"2023-02-10T12:50:56+00:00","dateModified":"2026-02-03T14:40:06+00:00","description":"Prenez de meilleures d\u00e9cisions en mati\u00e8re d'\u00e9nergie et d'environnement. La technologie satellitaire de Kayrros mesure de mani\u00e8re ind\u00e9pendante l'empreinte de l'activit\u00e9 humaine dans le monde entier.","breadcrumb":{"@id":"https:\/\/www.kayrros.com\/legal-information\/#breadcrumb"},"inLanguage":"fr-FR","potentialAction":[{"@type":"ReadAction","target":["https:\/\/www.kayrros.com\/legal-information\/"]}]},{"@type":"BreadcrumbList","@id":"https:\/\/www.kayrros.com\/legal-information\/#breadcrumb","itemListElement":[{"@type":"ListItem","position":1,"name":"Home","item":"https:\/\/www.kayrros.com\/"},{"@type":"ListItem","position":2,"name":"Legal information"}]},{"@type":"WebSite","@id":"https:\/\/www.kayrros.com\/#website","url":"https:\/\/www.kayrros.com\/","name":"Kayrros","description":"Disruptive Analytics for Energy Markets","publisher":{"@id":"https:\/\/www.kayrros.com\/#organization"},"potentialAction":[{"@type":"SearchAction","target":{"@type":"EntryPoint","urlTemplate":"https:\/\/www.kayrros.com\/?s={search_term_string}"},"query-input":{"@type":"PropertyValueSpecification","valueRequired":true,"valueName":"search_term_string"}}],"inLanguage":"fr-FR"},{"@type":"Organization","@id":"https:\/\/www.kayrros.com\/#organization","name":"Kayrros","url":"https:\/\/www.kayrros.com\/","logo":{"@type":"ImageObject","inLanguage":"fr-FR","@id":"https:\/\/www.kayrros.com\/#\/schema\/logo\/image\/","url":"https:\/\/www.kayrros.com\/wp-content\/uploads\/2026\/03\/kayrros_logo_2025_square.jpg","contentUrl":"https:\/\/www.kayrros.com\/wp-content\/uploads\/2026\/03\/kayrros_logo_2025_square.jpg","width":512,"height":512,"caption":"Kayrros"},"image":{"@id":"https:\/\/www.kayrros.com\/#\/schema\/logo\/image\/"},"sameAs":["https:\/\/x.com\/Kayrros","https:\/\/www.linkedin.com\/company\/kayrros\/","https:\/\/www.youtube.com\/channel\/UCXpOqt_3G3Nk-Oekqqw4J7Q"]}]}},"_links":{"self":[{"href":"https:\/\/www.kayrros.com\/fr\/wp-json\/wp\/v2\/pages\/10761","targetHints":{"allow":["GET"]}}],"collection":[{"href":"https:\/\/www.kayrros.com\/fr\/wp-json\/wp\/v2\/pages"}],"about":[{"href":"https:\/\/www.kayrros.com\/fr\/wp-json\/wp\/v2\/types\/page"}],"author":[{"embeddable":true,"href":"https:\/\/www.kayrros.com\/fr\/wp-json\/wp\/v2\/users\/24"}],"replies":[{"embeddable":true,"href":"https:\/\/www.kayrros.com\/fr\/wp-json\/wp\/v2\/comments?post=10761"}],"version-history":[{"count":24,"href":"https:\/\/www.kayrros.com\/fr\/wp-json\/wp\/v2\/pages\/10761\/revisions"}],"predecessor-version":[{"id":23034,"href":"https:\/\/www.kayrros.com\/fr\/wp-json\/wp\/v2\/pages\/10761\/revisions\/23034"}],"wp:attachment":[{"href":"https:\/\/www.kayrros.com\/fr\/wp-json\/wp\/v2\/media?parent=10761"}],"curies":[{"name":"wp","href":"https:\/\/api.w.org\/{rel}","templated":true}]}}